{"id":101210,"date":"2024-07-30T13:02:19","date_gmt":"2024-07-30T11:02:19","guid":{"rendered":"https:\/\/www.dateex.eu\/hp\/?page_id=101210"},"modified":"2025-02-15T18:17:27","modified_gmt":"2025-02-15T17:17:27","slug":"projektverwaltung","status":"publish","type":"page","link":"https:\/\/www.dateex.eu\/hp\/projektverwaltung\/","title":{"rendered":"Projektverwaltung"},"content":{"rendered":"<p>[et_pb_section fb_built=&#8220;1&#8243; fullwidth=&#8220;on&#8220; _builder_version=&#8220;4.27.4&#8243; _module_preset=&#8220;default&#8220; bottom_divider_style=&#8220;curve&#8220; bottom_divider_color=&#8220;#FFFFFF&#8220; bottom_divider_height=&#8220;35px&#8220; bottom_divider_repeat=&#8220;1x&#8220; bottom_divider_flip=&#8220;horizontal&#8220; border_color_all=&#8220;RGBA(255,255,255,0)&#8220; locked=&#8220;off&#8220; global_colors_info=&#8220;{}&#8220;][et_pb_fullwidth_slider module_class=&#8220;et_pb_slider&#8220; _builder_version=&#8220;4.27.4&#8243; _module_preset=&#8220;default&#8220; background_color=&#8220;gcid-8bc32ea5-00df-40ba-8cf8-4172629870af&#8220; height=&#8220;900px&#8220; auto=&#8220;on&#8220; hover_enabled=&#8220;0&#8243; global_colors_info=&#8220;{%22gcid-8bc32ea5-00df-40ba-8cf8-4172629870af%22:%91%22background_color%22%93}&#8220; sticky_enabled=&#8220;0&#8243;][et_pb_slide heading=&#8220;Optimierte Projektorganisation&#8220; _builder_version=&#8220;4.27.4&#8243; _module_preset=&#8220;default&#8220; header_font=&#8220;|700|||||||&#8220; header_text_align=&#8220;left&#8220; background_enable_color=&#8220;off&#8220; background_image=&#8220;https:\/\/www.dateex.eu\/hp\/wp-content\/uploads\/2025\/02\/19525.jpg&#8220; background_enable_image=&#8220;on&#8220; background_position=&#8220;top_right&#8220; text_orientation=&#8220;left&#8220; hover_enabled=&#8220;0&#8243; background_last_edited=&#8220;on|phone&#8220; background_size_phone=&#8220;cover&#8220; background_position_phone=&#8220;center&#8220; global_colors_info=&#8220;{}&#8220; sticky_transition=&#8220;on&#8220; sticky_enabled=&#8220;0&#8243;]<\/p>\n<h2 style=\"text-align: left;\"><strong><span style=\"color: #e1000a;\">Strukturierte Projekt- &#038; Subprojektverwaltung<\/span><\/strong><\/h2>\n<p style=\"text-align: left;\">Verwalten Sie Projekte und Subprojekte mit klaren Statusangaben und behalten Sie den Fortschritt jederzeit im Blick.<\/p>\n<p>[\/et_pb_slide][et_pb_slide heading=&#8220;Einfache Abrechnung&#8220; _builder_version=&#8220;4.27.4&#8243; _module_preset=&#8220;default&#8220; header_font=&#8220;|700|||||||&#8220; header_text_align=&#8220;left&#8220; background_enable_color=&#8220;off&#8220; background_image=&#8220;https:\/\/www.dateex.eu\/hp\/wp-content\/uploads\/2025\/02\/4309921.jpg&#8220; background_enable_image=&#8220;on&#8220; background_position=&#8220;top_left&#8220; text_orientation=&#8220;left&#8220; hover_enabled=&#8220;0&#8243; global_colors_info=&#8220;{}&#8220; sticky_transition=&#8220;on&#8220; sticky_enabled=&#8220;0&#8243;]<\/p>\n<h2 style=\"text-align: left;\"><strong><span style=\"color: #e1000a;\">Verrechnungsstatus &amp; Rechnungsverwaltung<\/span><\/strong><\/h2>\n<p style=\"text-align: left;\">Behalten Sie den \u00dcberblick \u00fcber Teil- und Schlussrechnungen und erfassen Sie alle relevanten Verrechnungsdaten direkt im Projekt.<\/p>\n<p>[\/et_pb_slide][et_pb_slide heading=&#8220;Zeit- &#038; Leistungserfassung&#8220; _builder_version=&#8220;4.27.4&#8243; _module_preset=&#8220;default&#8220; header_font=&#8220;|700|||||||&#8220; header_text_align=&#8220;left&#8220; background_enable_color=&#8220;off&#8220; background_image=&#8220;https:\/\/www.dateex.eu\/hp\/wp-content\/uploads\/2025\/02\/29220.jpg&#8220; background_enable_image=&#8220;on&#8220; background_position=&#8220;top_left&#8220; text_orientation=&#8220;left&#8220; hover_enabled=&#8220;0&#8243; global_colors_info=&#8220;{}&#8220; sticky_transition=&#8220;on&#8220; sticky_enabled=&#8220;0&#8243;]<\/p>\n<h2 style=\"text-align: left;\"><strong><span style=\"color: #e1000a;\">Zeiterfassung f\u00fcr exakte Nachkalkulation<\/span><\/strong><\/h2>\n<p style=\"text-align: left;\">Verkn\u00fcpfen Sie Zeiterfassungsdaten direkt mit Projekten und erfassen Sie auch Fremdleistungen f\u00fcr eine pr\u00e4zise Kalkulation.<\/p>\n<p>[\/et_pb_slide][\/et_pb_fullwidth_slider][\/et_pb_section][et_pb_section fb_built=&#8220;1&#8243; _builder_version=&#8220;4.27.4&#8243; _module_preset=&#8220;default&#8220; module_alignment=&#8220;center&#8220; custom_margin=&#8220;20px|0px|0px|0px|false|false&#8220; custom_padding=&#8220;0px|0px|0px|0px|false|false&#8220; locked=&#8220;off&#8220; global_colors_info=&#8220;{}&#8220; theme_builder_area=&#8220;post_content&#8220;][et_pb_row column_structure=&#8220;1_2,1_2&#8243; _builder_version=&#8220;4.27.4&#8243; _module_preset=&#8220;default&#8220; module_alignment=&#8220;center&#8220; custom_margin=&#8220;0px|0px|0px|0px|false|false&#8220; custom_padding=&#8220;0px|0px|0px|0px|false|false&#8220; global_colors_info=&#8220;{}&#8220; theme_builder_area=&#8220;post_content&#8220;][et_pb_column type=&#8220;1_2&#8243; _builder_version=&#8220;4.27.4&#8243; _module_preset=&#8220;default&#8220; global_colors_info=&#8220;{}&#8220; theme_builder_area=&#8220;post_content&#8220;][et_pb_text _builder_version=&#8220;4.27.4&#8243; _module_preset=&#8220;default&#8220; module_alignment=&#8220;center&#8220; custom_margin=&#8220;0px|0px|0px|0px|false|false&#8220; custom_padding=&#8220;0px|0px|0px|0px|false|false&#8220; hover_enabled=&#8220;0&#8243; global_colors_info=&#8220;{}&#8220; theme_builder_area=&#8220;post_content&#8220; sticky_enabled=&#8220;0&#8243;]<\/p>\n<div class=\"custom-toc\">\n<div class=\"custom-toc-title\">Projektverwaltung<\/div>\n<p>Das Projektverwaltungsmodul erm\u00f6glicht eine umfassende Planung, Steuerung und Nachverfolgung von Projekten und Subprojekten. Es bietet eine zentrale Plattform f\u00fcr alle relevanten Projektdaten und unterst\u00fctzt die l\u00fcckenlose Dokumentation sowie eine effiziente Kostenkontrolle.<\/p>\n<p>Die <strong>Grundfunktionen<\/strong> umfassen eine flexible <strong>Projekt- und Subprojektverwaltung<\/strong> mit Statusanzeigen wie <strong>neu, in Bearbeitung, zur Verrechnung oder abgeschlossen<\/strong>. Unterschiedliche <strong>Projektarten<\/strong> wie <strong>Regie- oder Pauschalprojekte<\/strong> k\u00f6nnen direkt definiert werden. Der <strong>Verrechnungsstatus<\/strong> bietet eine detaillierte \u00dcbersicht \u00fcber Teil- und Schlussrechnungen.<\/p>\n<p>Zur besseren Organisation k\u00f6nnen bis zu <strong>f\u00fcnf Adressen<\/strong> je Projekt hinterlegt werden, darunter <strong>Auftraggeber, Bauvorhaben, Leistungsverzeichnis-Ersteller oder Versicherungen<\/strong>. Eine integrierte <strong>historische Notizverwaltung<\/strong> dokumentiert alle relevanten Ereignisse und Entscheidungen innerhalb eines Projekts.<\/p>\n<p>Die <strong>Werkzeug- und Ger\u00e4tezuweisung<\/strong> erm\u00f6glicht eine optimale Ressourcennutzung, indem projektbezogene Werkzeuge und Maschinen direkt verwaltet werden. Zudem k\u00f6nnen <strong>Verkaufs- und Einkaufsbelege<\/strong> erfasst und Einkaufskosten direkt dem Projekt zugewiesen werden, einschlie\u00dflich der Hinterlegung von PDF-Dokumenten und Rechnungen.<\/p>\n<p>Die <strong>Fotodokumentation<\/strong> sorgt f\u00fcr eine visuelle Nachverfolgbarkeit des Projektfortschritts. Zudem k\u00f6nnen individuelle Berichte und Projektanalysen erstellt werden.<\/p>\n<p>F\u00fcr eine pr\u00e4zise Kostenkontrolle unterst\u00fctzt das Modul eine detaillierte <strong>Budgetierung und Nachkalkulation<\/strong> \u2013 sowohl auf Gesamtprojekt- als auch auf Subprojektebene. Durch die laufende Erfassung von Bestellungen lassen sich <strong>Budget\u00fcberschreitungen<\/strong> fr\u00fchzeitig erkennen, w\u00e4hrend die endg\u00fcltige Nachkalkulation aus Verkaufs- und Einkaufsrechnungen automatisch berechnet wird.<\/p>\n<p>Ein integriertes <strong>Archivsystem mit Dokumentenmanagement<\/strong> bietet eine nahtlose <strong>Word- und Excel-Verkn\u00fcpfung<\/strong>, sodass alle relevanten Dateien direkt im Projekt gespeichert werden k\u00f6nnen.<\/p>\n<p>Das Modul erm\u00f6glicht eine individuelle <strong>Kalkulation und St\u00fccklistenverwaltung<\/strong> mit der M\u00f6glichkeit, <strong>Materiallisten<\/strong> in die Lagerbuchhaltung zu \u00fcberf\u00fchren. Eine direkte <strong>Verkn\u00fcpfung zur Zeiterfassung<\/strong> erm\u00f6glicht die automatische \u00dcbertragung erfasster Arbeitszeiten f\u00fcr eine exakte Nachkalkulation. Zudem k\u00f6nnen Fremdleistungen erfasst und in die Budgetierung integriert werden.<\/p>\n<p>Detaillierte <strong>Soll-\/Ist-Vergleiche<\/strong> f\u00fcr Arbeitszeiten, Fremdleistungen und Materialbedarf sorgen f\u00fcr eine optimale Kostenkontrolle.<\/p>\n<p>Mit dem Projektverwaltungsmodul erhalten Unternehmen eine leistungsf\u00e4hige L\u00f6sung f\u00fcr eine strukturierte Projektabwicklung, l\u00fcckenlose Dokumentation und pr\u00e4zise Kostenkontrolle \u2013 von der Planung bis zur finalen Abrechnung.<\/p>\n<\/div>\n<p>[\/et_pb_text][\/et_pb_column][et_pb_column type=&#8220;1_2&#8243; _builder_version=&#8220;4.27.4&#8243; _module_preset=&#8220;default&#8220; global_colors_info=&#8220;{}&#8220; theme_builder_area=&#8220;post_content&#8220;][dipi_floating_multi_images _builder_version=&#8220;4.27.4&#8243; _module_preset=&#8220;default&#8220; theme_builder_area=&#8220;post_content&#8220; hover_enabled=&#8220;0&#8243; sticky_enabled=&#8220;0&#8243; fmi_height=&#8220;600px&#8220; module_alignment=&#8220;center&#8220; custom_margin=&#8220;0px|0px|0px|0px|false|false&#8220; custom_padding=&#8220;0px|0px|0px|0px|false|false&#8220; fmi_height_last_edited=&#8220;on|tablet&#8220; fmi_height_phone=&#8220;300px&#8220; fmi_height_tablet=&#8220;600px&#8220;][dipi_floating_multi_images_child _builder_version=&#8220;4.27.4&#8243; _module_preset=&#8220;default&#8220; theme_builder_area=&#8220;post_content&#8220; title_text=&#8220;Laptop Website Mockup Template&#8220; img_src=&#8220;https:\/\/www.dateex.eu\/hp\/wp-content\/uploads\/2025\/02\/Laptop-Website-Mockup-Template.png&#8220; hover_enabled=&#8220;0&#8243; sticky_enabled=&#8220;0&#8243;][\/dipi_floating_multi_images_child][\/dipi_floating_multi_images][et_pb_code _builder_version=&#8220;4.27.4&#8243; _module_preset=&#8220;default&#8220; hover_enabled=&#8220;0&#8243; custom_css_free_form=&#8220;\/* \u2013 Stil f\u00fcr den gesamten Inhaltsverzeichnis-Container *\/||.custom-toc {||    background: transparent; \/* Kein Hintergrund *\/||    padding: 0px;||    max-width: 800px;||    margin: 20px auto;||    color: #032b38; \/* Dunkelblauer Text *\/||    text-align: left;||}||||\/* \u2013 Stil f\u00fcr die \u00dcberschrift %22Table of Contents%22 *\/||.custom-toc-title {||    font-size: 24px;||    font-weight: 700;||    color: #032b38; \/* Dunkelblauer Text *\/||    text-transform: uppercase;||    letter-spacing: 1px;||    padding-bottom: 10px;||    margin-bottom: 15px;||    text-align: center;||    position: relative;||}||  ||.custom-toc-grouptitle {||    font-size: 24px;||    font-weight: 700 !important;||    color: #E63946 !important; \/* Dunkelblauer Text *\/||    text-transform: uppercase;||    letter-spacing: 1px;||    padding-bottom: 10px;||    margin-bottom: 5px;||    position: relative;||}||||\/* \u2013 Sch\u00f6ne Unterstreichung mit roter Linie *\/||.custom-toc-title::after {||    content: %22%22;||    display: block;||    width: 50px;||    height: 4px;||    background: #E63946; \/* Rote Linie als Akzent *\/||    margin: 8px auto 0;||    border-radius: 2px;||}||||\/* \u2013 Liste mit Baumstruktur *\/||.custom-toc ul {||    list-style: none !important; \/* Keine Zahlen oder Punkte *\/||    padding-left: 0;||    margin-left: 0;||}||||\/* \u2013 Standard-Eintrag im Inhaltsverzeichnis *\/||.custom-toc ul li {||    padding: 7px 5px;||    background: white;||    margin-bottom: 5px;||    border-radius: 5px;||    transition: background 0.3s ease-in-out;||    position: relative;||}||||\/* \u2013 Hierarchie: Untergeordnete Elemente (Verschachtelung) *\/||.custom-toc ul li ul {||    padding-left: 20px; \/* Einr\u00fcckung f\u00fcr Unterpunkte *\/||    border-left: 2px solid #E63946; \/* Rote Linie zur visuellen Verbindung *\/||    margin-top: 5px;||  \tmargin-left: 5px;||}||||.custom-toc ul li ul li {||    background: rgba(3, 43, 56, 0.05) !important; \/* Heller Blauton f\u00fcr Unterpunkte *\/||    margin-bottom: 3px !important;||}||||\/* \u2013 Links im Inhaltsverzeichnis *\/||.custom-toc a {||    text-decoration: none;||    color: #032b38;||    font-weight: 600;||    font-size: 14px;||    display: block;||    transition: color 0.3s ease-in-out;||}||||\/* \u2013 Hover-Effekt f\u00fcr die Links *\/||.custom-toc ul li a:hover {||    color: #E63946;||    font-weight: 700;||}||||\/* \u2013 Mobile Optimierung *\/||@media (max-width: 768px) {||    .custom-toc {||        width: 100%;||        padding: 0px;||    }||||    .custom-toc-title {||        font-size: 28px;||    }||||    .custom-toc ul {||        padding-left: 5px;||    }||||    .custom-toc ul li {||        padding: 8px 10px;||    }||||    .custom-toc ul li a {||        font-size: 16px;||    }||}&#8220; locked=&#8220;off&#8220; global_colors_info=&#8220;{}&#8220; theme_builder_area=&#8220;post_content&#8220; sticky_enabled=&#8220;0&#8243;]<\/p>\n<div class=\"custom-toc\"><!-- [et_pb_line_break_holder] -->    <\/p>\n<ul><!-- [et_pb_line_break_holder] -->        <\/p>\n<li><a class=\"custom-toc-grouptitle\" href=\"#section1\">Verbindungsm\u00f6glichkeiten<\/a><!-- [et_pb_line_break_holder] -->\n<ul><!-- [et_pb_line_break_holder] -->                <\/p>\n<li><a href=\"#section1-1\">Zeiterfassung zur direkten \u00dcbernahme erfasster Arbeitszeiten f\u00fcr die Nachkalkulation<\/a><\/li>\n<p><!-- [et_pb_line_break_holder] -->                <\/p>\n<li><a href=\"#section1-2\">Projektzeiterfassung f\u00fcr eine detaillierte Erfassung von Arbeitsstunden auf Projektebene<\/a><\/li>\n<p><!-- [et_pb_line_break_holder] -->                <\/p>\n<li><a href=\"#section1-3\">Ger\u00e4teverwaltung zur Zuweisung und Nachverfolgung von Werkzeugen und Maschinen<\/a><\/li>\n<p><!-- [et_pb_line_break_holder] -->                <\/p>\n<li><a href=\"#section1-4\">Personalinformationssystem f\u00fcr die Zuordnung von Projektleitern und beteiligten Mitarbeitern<\/a><\/li>\n<p><!-- [et_pb_line_break_holder] -->                <\/p>\n<li><a href=\"#section1-5\">Verkaufs- und Einkaufsmodul zur direkten Erfassung und Zuordnung von Verkaufs- und Einkaufsbelegen<\/a><\/li>\n<p><!-- [et_pb_line_break_holder] -->                <\/p>\n<li><a href=\"#section1-6\">Lagerbuchungsverwaltung f\u00fcr die automatische Buchung und Reservierung von Materialbest\u00e4nden<\/a><\/li>\n<p><!-- [et_pb_line_break_holder] -->                <\/p>\n<li><a href=\"#section1-7\">Dokumentenmanagement zur zentralen Ablage und Verkn\u00fcpfung von Word- und Excel-Dokumenten<\/a><\/li>\n<p><!-- [et_pb_line_break_holder] -->                <\/p>\n<li><a href=\"#section1-8\">Fotodokumentation zur visuellen Erfassung und Dokumentation von Projektfortschritten<\/a><\/li>\n<p><!-- [et_pb_line_break_holder] -->                <\/p>\n<li><a href=\"#section1-9\">Rechnungswesen f\u00fcr eine nahtlose Verrechnung von Teil- und Schlussrechnungen<\/a><\/li>\n<p><!-- [et_pb_line_break_holder] -->                <\/p>\n<li><a href=\"#section1-10\">Budgetverwaltung zur laufenden \u00dcberwachung von Projektbudgets und Kosten\u00fcberschreitungen<\/a><\/li>\n<p><!-- [et_pb_line_break_holder] -->                <\/p>\n<li><a href=\"#section1-11\">Kalkulationsmodul f\u00fcr die Erstellung individueller Projektkalkulationen<\/a><\/li>\n<p><!-- [et_pb_line_break_holder] -->            <\/ul>\n<p><!-- [et_pb_line_break_holder] -->        <\/li>\n<p><!-- [et_pb_line_break_holder] -->    <\/ul>\n<p><!-- [et_pb_line_break_holder] --><\/div>\n<p><!-- [et_pb_line_break_holder] -->[\/et_pb_code][\/et_pb_column][\/et_pb_row][\/et_pb_section]<\/p>\n","protected":false},"excerpt":{"rendered":"<p>Strukturierte Projekt- &#038; Subprojektverwaltung Verwalten Sie Projekte und Subprojekte mit klaren Statusangaben und behalten Sie den Fortschritt jederzeit im Blick.Verrechnungsstatus &amp; Rechnungsverwaltung Behalten Sie den \u00dcberblick \u00fcber Teil- und Schlussrechnungen und erfassen Sie alle relevanten Verrechnungsdaten direkt im Projekt.Zeiterfassung f\u00fcr exakte Nachkalkulation Verkn\u00fcpfen Sie Zeiterfassungsdaten direkt mit Projekten und erfassen Sie auch Fremdleistungen f\u00fcr eine [&hellip;]<\/p>\n","protected":false},"author":2,"featured_media":0,"parent":0,"menu_order":0,"comment_status":"closed","ping_status":"closed","template":"","meta":{"_et_pb_use_builder":"on","_et_pb_old_content":"","_et_gb_content_width":"","footnotes":""},"dipi_cpt_category":[],"class_list":["post-101210","page","type-page","status-publish","hentry"],"_links":{"self":[{"href":"https:\/\/www.dateex.eu\/hp\/wp-json\/wp\/v2\/pages\/101210","targetHints":{"allow":["GET"]}}],"collection":[{"href":"https:\/\/www.dateex.eu\/hp\/wp-json\/wp\/v2\/pages"}],"about":[{"href":"https:\/\/www.dateex.eu\/hp\/wp-json\/wp\/v2\/types\/page"}],"author":[{"embeddable":true,"href":"https:\/\/www.dateex.eu\/hp\/wp-json\/wp\/v2\/users\/2"}],"replies":[{"embeddable":true,"href":"https:\/\/www.dateex.eu\/hp\/wp-json\/wp\/v2\/comments?post=101210"}],"version-history":[{"count":16,"href":"https:\/\/www.dateex.eu\/hp\/wp-json\/wp\/v2\/pages\/101210\/revisions"}],"predecessor-version":[{"id":25803514,"href":"https:\/\/www.dateex.eu\/hp\/wp-json\/wp\/v2\/pages\/101210\/revisions\/25803514"}],"wp:attachment":[{"href":"https:\/\/www.dateex.eu\/hp\/wp-json\/wp\/v2\/media?parent=101210"}],"wp:term":[{"taxonomy":"dipi_cpt_category","embeddable":true,"href":"https:\/\/www.dateex.eu\/hp\/wp-json\/wp\/v2\/dipi_cpt_category?post=101210"}],"curies":[{"name":"wp","href":"https:\/\/api.w.org\/{rel}","templated":true}]}}