{"id":1364,"date":"2024-01-11T18:42:24","date_gmt":"2024-01-11T18:42:24","guid":{"rendered":"https:\/\/demo.divi-pixel.com\/transport\/?page_id=1364"},"modified":"2025-02-12T11:07:23","modified_gmt":"2025-02-12T10:07:23","slug":"ueber-uns","status":"publish","type":"page","link":"https:\/\/www.dateex.eu\/hp\/ueber-uns\/","title":{"rendered":"\u00dcber uns"},"content":{"rendered":"<p>[et_pb_section fb_built=&#8220;1&#8243; _builder_version=&#8220;4.27.4&#8243; _module_preset=&#8220;default&#8220; custom_padding=&#8220;0px|0px|0px|0px|false|false&#8220; global_colors_info=&#8220;{}&#8220;][et_pb_row _builder_version=&#8220;4.27.4&#8243; _module_preset=&#8220;default&#8220; custom_padding=&#8220;0px|0px|0px|0px|false|false&#8220; global_colors_info=&#8220;{}&#8220;][et_pb_column type=&#8220;4_4&#8243; _builder_version=&#8220;4.27.4&#8243; _module_preset=&#8220;default&#8220; global_colors_info=&#8220;{}&#8220;][et_pb_text _builder_version=&#8220;4.27.4&#8243; _module_preset=&#8220;default&#8220; locked=&#8220;off&#8220; global_colors_info=&#8220;{}&#8220;]<\/p>\n<div class=\"custom-content\">\n<header>\n<h1 class=\"custom-group-title\">\u00dcber uns<\/h1>\n<p class=\"custom-group-description\">DATEEX &#8211; steht f\u00fcr Innovation in Software, ma\u00dfgeschneidert f\u00fcr Ihren Erfolg.<\/p>\n<div class=\"slogan-container\">\n<h1 class=\"slogan-text\"><span style=\"color: #e3001a;\">Erfolg ist programmierbar!<\/span><\/h1>\n<\/div>\n<\/header>\n<\/div>\n<p>[\/et_pb_text][\/et_pb_column][\/et_pb_row][\/et_pb_section][et_pb_section fb_built=&#8220;1&#8243; _builder_version=&#8220;4.20.2&#8243; _module_preset=&#8220;default&#8220; custom_padding=&#8220;0px||0px||true|false&#8220; global_colors_info=&#8220;{}&#8220;][et_pb_row column_structure=&#8220;1_2,1_2&#8243; _builder_version=&#8220;4.27.4&#8243; _module_preset=&#8220;default&#8220; custom_margin=&#8220;20px||20px||false|false&#8220; custom_padding=&#8220;0px||0px||true|false&#8220; locked=&#8220;off&#8220; global_colors_info=&#8220;{}&#8220;][et_pb_column type=&#8220;1_2&#8243; _builder_version=&#8220;4.20.2&#8243; _module_preset=&#8220;default&#8220; global_colors_info=&#8220;{}&#8220;][et_pb_text _builder_version=&#8220;4.27.4&#8243; _module_preset=&#8220;default&#8220; custom_margin=&#8220;0px||0px||false|false&#8220; custom_padding=&#8220;0px||0px||false|false&#8220; locked=&#8220;off&#8220; global_colors_info=&#8220;{}&#8220;]<\/p>\n<div class=\"custom-content\">\n<div class=\"custom-section\">\n<p><!-- Grauer Hintergrund nur f\u00fcr diesen Block --><\/p>\n<section>\n<h2>\u00dcber uns<\/h2>\n<p>Die Welt der Technologie entwickelt sich stetig weiter und wir bei DATEEX information technology GmbH gestalten diese Entwicklung aktiv mit. Als innovatives Softwareunternehmen haben wir uns darauf spezialisiert, zukunftssichere und ma\u00dfgeschneiderte L\u00f6sungen zu entwickeln, die Unternehmen dabei unterst\u00fctzen, effizienter, vernetzter und produktiver zu arbeiten.<\/p>\n<p>Unser Fokus liegt auf der Entwicklung leistungsstarker betriebswirtschaftlicher Softwarel\u00f6sungen:<\/p>\n<ul class=\"custom-list\">\n<li>Branchen\u00fcbergreifende Standardsoftware f\u00fcr effiziente Gesch\u00e4ftsprozesse<\/li>\n<li>Spezialisierte Branchenl\u00f6sungen f\u00fcr unterschiedliche Unternehmensbereiche<\/li>\n<li>Individuelle Softwareentwicklung, exakt auf Ihre Bed\u00fcrfnisse zugeschnitten<\/li>\n<\/ul>\n<p>Unsere L\u00f6sungen zeichnen sich durch folgende Eigenschaften aus:<\/p>\n<ul class=\"custom-list\">\n<li>Maximale Flexibilit\u00e4t \u2013 passen sich Ihren Gesch\u00e4ftsprozessen an<\/li>\n<li>Hohe Skalierbarkeit \u2013 mit Ihrem Unternehmen mitwachsend<\/li>\n<li>Benutzerfreundlichkeit \u2013 intuitive Bedienung f\u00fcr maximale Produktivit\u00e4t<\/li>\n<\/ul>\n<p>Unser Erfolgsgeheimnis\u2013 Ein erfahrenes, engagiertes Team, das mit Leidenschaft und Know-how innovative L\u00f6sungen entwickelt. Wir glauben an:<\/p>\n<ul class=\"custom-list\">\n<li>Langfristige und partnerschaftliche Zusammenarbeit mit unseren Kunden<\/li>\n<li>Kontinuierliche Weiterentwicklung und technologische Innovation<\/li>\n<li>Erstklassigen Support und individuelle Beratung<\/li>\n<\/ul>\n<p>Die digitale Welt bietet unz\u00e4hlige M\u00f6glichkeiten, und wir helfen Ihnen dabei, das Beste daraus zu machen. Mit DATEEX entscheiden Sie sich f\u00fcr einen zuverl\u00e4ssigen Partner, der nicht nur Software entwickelt, sondern echte Mehrwerte schafft, f\u00fcr heute und f\u00fcr die digitale Zukunft.<\/p>\n<\/section>\n<\/div>\n<p><!-- Ende des grauen Hintergrundblocks --><\/p>\n<\/div>\n<p>[\/et_pb_text][\/et_pb_column][et_pb_column type=&#8220;1_2&#8243; _builder_version=&#8220;4.20.2&#8243; _module_preset=&#8220;default&#8220; global_colors_info=&#8220;{}&#8220;][dipi_image_mask image=&#8220;https:\/\/www.dateex.eu\/hp\/wp-content\/uploads\/2025\/02\/1721.jpg&#8220; shape=&#8220;Shape38&#8243; _builder_version=&#8220;4.27.4&#8243; _module_preset=&#8220;default&#8220; custom_margin=&#8220;0px||0px||false|false&#8220; custom_padding=&#8220;0px||0px||false|false&#8220; animation_style=&#8220;fade&#8220; global_colors_info=&#8220;{}&#8220;][\/dipi_image_mask][\/et_pb_column][\/et_pb_row][\/et_pb_section][et_pb_section fb_built=&#8220;1&#8243; disabled_on=&#8220;on|on|on&#8220; _builder_version=&#8220;4.27.4&#8243; _module_preset=&#8220;default&#8220; background_enable_color=&#8220;off&#8220; custom_padding=&#8220;||0px||false|false&#8220; disabled=&#8220;on&#8220; global_colors_info=&#8220;{}&#8220;][et_pb_row custom_padding_last_edited=&#8220;on|tablet&#8220; _builder_version=&#8220;4.20.2&#8243; _module_preset=&#8220;default&#8220; background_color=&#8220;#01171E&#8220; width=&#8220;95%&#8220; max_width=&#8220;95%&#8220; custom_padding=&#8220;80px||80px||true|false&#8220; custom_padding_tablet=&#8220;80px|30px|80px|30px|true|true&#8220; custom_padding_phone=&#8220;80px|30px|80px|30px|true|true&#8220; locked=&#8220;off&#8220; global_colors_info=&#8220;{}&#8220;][et_pb_column type=&#8220;4_4&#8243; _builder_version=&#8220;4.20.2&#8243; _module_preset=&#8220;default&#8220; global_colors_info=&#8220;{}&#8220;][et_pb_text _builder_version=&#8220;4.26.1&#8243; _module_preset=&#8220;default&#8220; header_2_text_align=&#8220;center&#8220; header_2_text_color=&#8220;#FFFFFF&#8220; header_2_font_size=&#8220;60px&#8220; header_2_letter_spacing=&#8220;2px&#8220; header_2_line_height=&#8220;1.2em&#8220; max_width=&#8220;650px&#8220; module_alignment=&#8220;center&#8220; header_2_font_size_tablet=&#8220;60px&#8220; header_2_font_size_phone=&#8220;35px&#8220; header_2_font_size_last_edited=&#8220;on|tablet&#8220; locked=&#8220;off&#8220; global_colors_info=&#8220;{}&#8220;]<\/p>\n<h2>Unsere Geschichte<\/h2>\n<p>[\/et_pb_text][dipi_timeline timeline_line_style=&#8220;dotted&#8220; timeline_line_color=&#8220;#032B38&#8243; timeline_active_line_style=&#8220;dotted&#8220; timeline_active_line_color=&#8220;#e6001a&#8220; card_arrow_color=&#8220;RGBA(255,255,255,0)&#8220; _builder_version=&#8220;4.26.1&#8243; _module_preset=&#8220;default&#8220; global_colors_info=&#8220;{}&#8220;][dipi_timeline_item ribbon=&#8220;2000&#8243; title=&#8220;Der Weg in die Selbst\u00e4ndigkeit&#8220; timeline_icon=&#8220;&#xf111;||fa||900&#8243; ribbon_use_circle=&#8220;off&#8220; ribbon_use_icon_font_size=&#8220;on&#8220; timeline_icon_font_size=&#8220;15px&#8220; timeline_icon_padding=&#8220;0px|0px|0px|0px|true|true&#8220; image=&#8220;https:\/\/demo.divi-pixel.com\/transport\/wp-content\/uploads\/sites\/41\/2024\/01\/dp-transport-grey-icon-21.svg&#8220; image_max_width=&#8220;50px&#8220; card_width=&#8220;550px&#8220; card_width_tablet=&#8220;550px&#8220; card_width_phone=&#8220;100%&#8220; card_width_last_edited=&#8220;on|phone&#8220; card_padding_tablet=&#8220;&#8220; card_padding_phone=&#8220;20px|20px|20px|20px|true|true&#8220; card_padding_last_edited=&#8220;on|phone&#8220; _builder_version=&#8220;4.26.1&#8243; _module_preset=&#8220;default&#8220; header_font=&#8220;||||||||&#8220; header_text_color=&#8220;#FFFFFF&#8220; header_font_size=&#8220;20px&#8220; body_font=&#8220;Inter||||||||&#8220; body_text_color=&#8220;#BBC1C3&#8243; body_font_size=&#8220;16px&#8220; body_line_height=&#8220;1.7em&#8220; ribbon_text_font_size=&#8220;16px&#8220; background_color=&#8220;#032B38&#8243; background_enable_color=&#8220;on&#8220; header_font_size_tablet=&#8220;20px&#8220; header_font_size_phone=&#8220;16px&#8220; header_font_size_last_edited=&#8220;on|phone&#8220; body_font_size_tablet=&#8220;16px&#8220; body_font_size_phone=&#8220;14px&#8220; body_font_size_last_edited=&#8220;on|phone&#8220; border_radii=&#8220;on|10px|10px|10px|10px&#8220; global_colors_info=&#8220;{}&#8220; ribbon_text_text_color__hover_enabled=&#8220;off|desktop&#8220; ribbon_text_text_color__hover=&#8220;#FE461D&#8220; ribbon_text_bgcolor__hover_enabled=&#8220;on|hover&#8220; border_color_all_ribbon_text__hover_enabled=&#8220;on|hover&#8220;]<\/p>\n<p>The company was founded, marking the beginning of its journey in the logistics industry. Pioneering a commitment to reliability and customer satisfaction.<\/p>\n<p>[\/dipi_timeline_item][dipi_timeline_item ribbon=&#8220;2007&#8243; title=&#8220;Gr\u00fcndung DATEEX Technology GmbH&#8220; timeline_icon=&#8220;&#xf111;||fa||900&#8243; timeline_icon_color=&#8220;#032B38&#8243; ribbon_use_circle=&#8220;off&#8220; ribbon_use_icon_font_size=&#8220;on&#8220; timeline_icon_font_size=&#8220;15px&#8220; timeline_icon_padding=&#8220;0px|0px|0px|0px|true|true&#8220; image=&#8220;https:\/\/demo.divi-pixel.com\/transport\/wp-content\/uploads\/sites\/41\/2024\/01\/dp-transport-grey-icon-22.svg&#8220; image_max_width=&#8220;50px&#8220; card_width=&#8220;550px&#8220; card_width_tablet=&#8220;550px&#8220; card_width_phone=&#8220;100%&#8220; card_width_last_edited=&#8220;on|phone&#8220; card_padding_tablet=&#8220;&#8220; card_padding_phone=&#8220;20px|20px|20px|20px|true|true&#8220; card_padding_last_edited=&#8220;on|phone&#8220; _builder_version=&#8220;4.26.1&#8243; _module_preset=&#8220;default&#8220; header_font=&#8220;||||||||&#8220; header_text_color=&#8220;#FFFFFF&#8220; header_font_size=&#8220;20px&#8220; body_font=&#8220;||||||||&#8220; body_text_color=&#8220;#BBC1C3&#8243; body_font_size=&#8220;16px&#8220; body_line_height=&#8220;1.7em&#8220; ribbon_text_font_size=&#8220;16px&#8220; background_color=&#8220;#032B38&#8243; background_enable_color=&#8220;on&#8220; header_font_size_tablet=&#8220;20px&#8220; header_font_size_phone=&#8220;16px&#8220; header_font_size_last_edited=&#8220;on|phone&#8220; body_font_size_tablet=&#8220;16px&#8220; body_font_size_phone=&#8220;14px&#8220; body_font_size_last_edited=&#8220;on|phone&#8220; global_colors_info=&#8220;{}&#8220; timeline_icon_color__hover=&#8220;#FE461D&#8220; ribbon_text_text_color__hover_enabled=&#8220;off|desktop&#8220; ribbon_text_text_color__hover=&#8220;#FE461D&#8220;]<\/p>\n<p>Significant investment in technology to modernize logistics operations and improve overall efficiency. Implementing cutting-edge tracking systems for real-time cargo monitoring.<\/p>\n<p>[\/dipi_timeline_item][dipi_timeline_item ribbon=&#8220;1998&#8243; title=&#8220;Global Expansion&#8220; timeline_icon=&#8220;&#xf111;||fa||900&#8243; timeline_icon_color=&#8220;#032B38&#8243; ribbon_use_circle=&#8220;off&#8220; ribbon_use_icon_font_size=&#8220;on&#8220; timeline_icon_font_size=&#8220;15px&#8220; timeline_icon_padding=&#8220;0px|0px|0px|0px|true|true&#8220; image=&#8220;https:\/\/demo.divi-pixel.com\/transport\/wp-content\/uploads\/sites\/41\/2024\/01\/dp-transport-grey-icon-24.svg&#8220; image_max_width=&#8220;50px&#8220; card_width=&#8220;550px&#8220; card_width_tablet=&#8220;550px&#8220; card_width_phone=&#8220;100%&#8220; card_width_last_edited=&#8220;on|phone&#8220; card_padding_tablet=&#8220;&#8220; card_padding_phone=&#8220;20px|20px|20px|20px|true|true&#8220; card_padding_last_edited=&#8220;on|phone&#8220; _builder_version=&#8220;4.20.2&#8243; _module_preset=&#8220;default&#8220; header_font=&#8220;Inter Tight||||||||&#8220; header_text_color=&#8220;#FFFFFF&#8220; header_font_size=&#8220;20px&#8220; body_font=&#8220;Inter||||||||&#8220; body_text_color=&#8220;#BBC1C3&#8243; body_font_size=&#8220;16px&#8220; body_line_height=&#8220;1.7em&#8220; ribbon_text_font=&#8220;Inter Tight||||||||&#8220; ribbon_text_text_color=&#8220;#FE461D&#8220; ribbon_text_font_size=&#8220;16px&#8220; background_color=&#8220;#032B38&#8243; background_enable_color=&#8220;on&#8220; header_font_size_tablet=&#8220;20px&#8220; header_font_size_phone=&#8220;16px&#8220; header_font_size_last_edited=&#8220;on|phone&#8220; body_font_size_tablet=&#8220;16px&#8220; body_font_size_phone=&#8220;14px&#8220; body_font_size_last_edited=&#8220;on|phone&#8220; global_colors_info=&#8220;{}&#8220; timeline_icon_color__hover=&#8220;#FE461D&#8220; ribbon_text_text_color__hover_enabled=&#8220;off|desktop&#8220; ribbon_text_text_color__hover=&#8220;#FE461D&#8220;]<\/p>\n<p>The company successfully expanded its services to international markets, establishing a global presence. Focusing on cultural adaptability and localized logistics solutions.<\/p>\n<p>[\/dipi_timeline_item][dipi_timeline_item ribbon=&#8220;1998&#8243; title=&#8220;Sustainable Logistics Initiative&#8220; timeline_icon=&#8220;&#xf111;||fa||900&#8243; timeline_icon_color=&#8220;#032B38&#8243; ribbon_use_circle=&#8220;off&#8220; ribbon_use_icon_font_size=&#8220;on&#8220; timeline_icon_font_size=&#8220;15px&#8220; timeline_icon_padding=&#8220;0px|0px|0px|0px|true|true&#8220; image=&#8220;https:\/\/demo.divi-pixel.com\/transport\/wp-content\/uploads\/sites\/41\/2024\/01\/dp-transport-grey-icon-07.svg&#8220; image_max_width=&#8220;50px&#8220; card_width=&#8220;550px&#8220; card_width_tablet=&#8220;550px&#8220; card_width_phone=&#8220;100%&#8220; card_width_last_edited=&#8220;on|phone&#8220; card_padding_tablet=&#8220;&#8220; card_padding_phone=&#8220;20px|20px|20px|20px|true|true&#8220; card_padding_last_edited=&#8220;on|phone&#8220; _builder_version=&#8220;4.20.2&#8243; _module_preset=&#8220;default&#8220; header_font=&#8220;Inter Tight||||||||&#8220; header_text_color=&#8220;#FFFFFF&#8220; header_font_size=&#8220;20px&#8220; body_font=&#8220;Inter||||||||&#8220; body_text_color=&#8220;#BBC1C3&#8243; body_font_size=&#8220;16px&#8220; body_line_height=&#8220;1.7em&#8220; ribbon_text_font=&#8220;Inter Tight||||||||&#8220; ribbon_text_text_color=&#8220;#FE461D&#8220; ribbon_text_font_size=&#8220;16px&#8220; background_color=&#8220;#032B38&#8243; background_enable_color=&#8220;on&#8220; header_font_size_tablet=&#8220;20px&#8220; header_font_size_phone=&#8220;16px&#8220; header_font_size_last_edited=&#8220;on|phone&#8220; body_font_size_tablet=&#8220;16px&#8220; body_font_size_phone=&#8220;14px&#8220; body_font_size_last_edited=&#8220;on|phone&#8220; global_colors_info=&#8220;{}&#8220; timeline_icon_color__hover=&#8220;#FE461D&#8220; ribbon_text_text_color__hover_enabled=&#8220;off|desktop&#8220; ribbon_text_text_color__hover=&#8220;#FE461D&#8220;]<\/p>\n<p>Implementation of eco-friendly practices and initiatives to promote sustainability within the logistics processes. Introducing reusable packaging and green supply chain initiatives.<\/p>\n<p>[\/dipi_timeline_item][\/dipi_timeline][\/et_pb_column][\/et_pb_row][\/et_pb_section]<\/p>\n","protected":false},"excerpt":{"rendered":"<p>\u00dcber uns DATEEX &#8211; steht f\u00fcr Innovation in Software, ma\u00dfgeschneidert f\u00fcr Ihren Erfolg. Erfolg ist programmierbar! \u00dcber uns Die Welt der Technologie entwickelt sich stetig weiter und wir bei DATEEX information technology GmbH gestalten diese Entwicklung aktiv mit. Als innovatives Softwareunternehmen haben wir uns darauf spezialisiert, zukunftssichere und ma\u00dfgeschneiderte L\u00f6sungen zu entwickeln, die Unternehmen dabei [&hellip;]<\/p>\n","protected":false},"author":1,"featured_media":0,"parent":0,"menu_order":0,"comment_status":"closed","ping_status":"closed","template":"","meta":{"_et_pb_use_builder":"on","_et_pb_old_content":"","_et_gb_content_width":"","footnotes":""},"dipi_cpt_category":[],"class_list":["post-1364","page","type-page","status-publish","hentry"],"_links":{"self":[{"href":"https:\/\/www.dateex.eu\/hp\/wp-json\/wp\/v2\/pages\/1364","targetHints":{"allow":["GET"]}}],"collection":[{"href":"https:\/\/www.dateex.eu\/hp\/wp-json\/wp\/v2\/pages"}],"about":[{"href":"https:\/\/www.dateex.eu\/hp\/wp-json\/wp\/v2\/types\/page"}],"author":[{"embeddable":true,"href":"https:\/\/www.dateex.eu\/hp\/wp-json\/wp\/v2\/users\/1"}],"replies":[{"embeddable":true,"href":"https:\/\/www.dateex.eu\/hp\/wp-json\/wp\/v2\/comments?post=1364"}],"version-history":[{"count":20,"href":"https:\/\/www.dateex.eu\/hp\/wp-json\/wp\/v2\/pages\/1364\/revisions"}],"predecessor-version":[{"id":25803482,"href":"https:\/\/www.dateex.eu\/hp\/wp-json\/wp\/v2\/pages\/1364\/revisions\/25803482"}],"wp:attachment":[{"href":"https:\/\/www.dateex.eu\/hp\/wp-json\/wp\/v2\/media?parent=1364"}],"wp:term":[{"taxonomy":"dipi_cpt_category","embeddable":true,"href":"https:\/\/www.dateex.eu\/hp\/wp-json\/wp\/v2\/dipi_cpt_category?post=1364"}],"curies":[{"name":"wp","href":"https:\/\/api.w.org\/{rel}","templated":true}]}}